{"id":472,"date":"2023-08-18T16:34:48","date_gmt":"2023-08-18T13:34:48","guid":{"rendered":"https:\/\/www.fstc.com.tr\/?page_id=472"},"modified":"2023-10-20T13:46:24","modified_gmt":"2023-10-20T10:46:24","slug":"hakkimizda","status":"publish","type":"page","link":"https:\/\/de.fstc.com.tr\/en\/hakkimizda\/","title":{"rendered":"\u00dcber uns"},"content":{"rendered":"\n<p><strong>Unsere Misssion<\/strong> <br>Den Hersteller in allen Phasen der Produktion zu unterst\u00fctzen, ihn f\u00fcr den Export vorzubereiten und sicherzustellen, dass er in \u00dcbereinstimmung mit allen Gesetzen und Vorschriften produzieren kann.<\/p>\n\n\n\n<p><strong>Unsere Vision<\/strong> <br>Unterst\u00fctzung von Erzeugern und Exporteuren bei der Herstellung von Produkten in \u00dcbereinstimmung mit der Gesetzgebung, die es ihnen erm\u00f6glicht, ihre Ziele zu erreichen.<\/p>\n\n\n\n<p>Langfristige Entwicklung neuer Herk\u00fcnfte f\u00fcr die Erzeugung von Obst und Gem\u00fcse f\u00fcr den Export gem\u00e4\u00df den EU- und den Lebensmittelrechtlichen Vorgaben des Lebensmitteleinzelhandels,<\/p>\n\n\n\n<p><strong>1. Wer sind wir?<\/strong><\/p>\n\n\n\n<p>FSTC ist ein Lebensmittelsicherheits- und Handelsberatungsunternehmen f\u00fcr Lebensmittelsicherheit und Handelskontakte.<\/p>\n\n\n\n<p>Seit 2015 organisieren wir \u0131n der T\u00fcrkei die Produktion von nachhaltigen und r\u00fcckverfolgbaren frischen Obst und Gem\u00fcse gem\u00e4\u00df dem europ\u00e4ischen Lieferkettensorgfaltspflichtengesetz , in dem wir mit Obst- und Gem\u00fcseproduzenten in verschiedenen Provinzen und Regionen der T\u00fcrkei zusammenarbeiten. Wir&nbsp; sind in der lage zusammen m\u0131t unseren Erzeugern \u00fcber 65 Artikel zu liefern.<\/p>\n\n\n\n<p><strong>2. Was bieten wir?<\/strong><\/p>\n\n\n\n<p>Unsere T\u00e4tigkeitsbereiche:<\/p>\n\n\n\n<p>Sicherstellen, dass die Lieferkette der Frischgem\u00fcse- und Obstproduktion gem\u00e4\u00df den europ\u00e4ischen Exportanforderungen nachhaltig und r\u00fcckverfolgbar ist.<\/p>\n\n\n\n<p>Sicherstellen das die Bed\u00fcrfnisse von Supermarktketten in Europa gem\u00e4\u00df den Gesetzen zur Lebensmittelversorgungskette des jeweiligen Landes erf\u00fcllen zu k\u00f6nnen, die aus der T\u00fcrkei bezogen werden k\u00f6nnen.<\/p>\n\n\n\n<p>FSTC gew\u00e4hrleistet somit die Sicherheit von Lebensmitteln f\u00fcr den Einzelhandel durch ein wissenschaftliches Risikomanagement.<\/p>\n\n\n\n<p><strong>3. Was unterscheidet uns?<\/strong><\/p>\n\n\n\n<p>Unser Management und unser Team sind auf Lebensmittelsicherheit spezialisiert, in dem sie ihre Ausbildung in f\u00fchrenden deutschen Laboren absolvieren.<\/p>\n\n\n\n<p>Gr\u00fcnder und CEO von FSTC,  hat schon fr\u00fch auf dem Hof seines Gro\u00dfvaters Kontakt mit der Landwirtschaft bekommen. &nbsp;Nach einer l\u00e4ngerer Zeit in Deutschland und intensiver Beobachtung des Obst- und Gem\u00fcsemarktes in der T\u00fcrkei, wuchs aus dem freundschaftlichen Kontakt zu einem deutschen Labor die Idee, das enorme Potenzial der T\u00fcrkei nachhaltig f\u00fcr den europ\u00e4ischen Markt zu erschlie\u00dfen. &nbsp;&nbsp;<\/p>\n\n\n\n<p>FSTC verfolgt konsequent diesen Weg und ist heute insbesondere in der T\u00fcrkei ein gefragtes  Unternehmen. Der bikultureller Hintergrund erm\u00f6glicht besonderen Zugang zu Produzenten, H\u00e4ndlern und Beh\u00f6rden sowie Ministerien, was viele Aktionen erheblich erleichtert oder sogar erst m\u00f6glich macht.<\/p>\n\n\n\n<p>Einige stationen des CEO von FSTC<\/p>\n\n\n\n<p>2020-2022 : zertifiziertes Training zur Lebensmittelsicherheit in Deutschland und Spanien<\/p>\n\n\n\n<p>2021: \u00dcbernahme einer Feld- und Packhaus-Studie zum Stand der Lebensmittelsicherheit f\u00fcr ausgew\u00e4hlte Produkte in der T\u00fcrkei im Auftrag einer deutschen Supermarktkette<\/p>\n\n\n\n<p>2022 Gr\u00fcndung der Firma FSTC<\/p>\n\n\n\n<p>2022-2023 Saisonbegleitendes Lebensmittelsicherheitsprojektes in der T\u00fcrkei f\u00fcr eine deutsche Supermarktkette.<\/p>\n\n\n\n<ul class=\"wp-block-list\">\n<li>Bikultureller Hintergrund ( Deutsch\/T\u00fcrkisch)<\/li>\n\n\n\n<li>Ausbildung in Deutschland in einem der f\u00fchrenden Labore f\u00fcr Lebensmittelsicherheit<\/li>\n\n\n\n<li>Arbeitsvorgehen nach \u0130SO 17025<\/li>\n\n\n\n<li>L\u00f6sungsorientieretes Risikomanagement<\/li>\n\n\n\n<li>Direkte beziehung zu allen notwendigen Beh\u00f6rden und Ministerien<\/li>\n<\/ul>\n\n\n\n<p>Durch die Zusammenarbeit mit potenziellen K\u00e4ufern und unserem Risikomanagement, sorgen wir f\u00fcr die langfristige l\u00f6sung von Problemen, die bei Ihrem Verkauf und Ihrer Lieferung auftreten k\u00f6nnen.<\/p>\n\n\n\n<p><\/p>\n\n\n\n<p><\/p>\n\n\n\n<p><\/p>\n","protected":false},"excerpt":{"rendered":"<p>Unsere Misssion Den Hersteller in allen Phasen der Produktion zu unterst\u00fctzen, ihn f\u00fcr den Export vorzubereiten und sicherzustellen, dass er in \u00dcbereinstimmung mit allen Gesetzen<\/p>\n<div class=\"clearfix\"><\/div>\n<p> <a href=\"https:\/\/de.fstc.com.tr\/en\/hakkimizda\/\" class=\"buton acik-mavi-buton\">Devam\u0131<\/a><\/p>\n","protected":false},"author":1,"featured_media":0,"parent":0,"menu_order":0,"comment_status":"closed","ping_status":"closed","template":"","meta":{"footnotes":""},"class_list":["post-472","page","type-page","status-publish","hentry"],"_links":{"self":[{"href":"https:\/\/de.fstc.com.tr\/en\/wp-json\/wp\/v2\/pages\/472","targetHints":{"allow":["GET"]}}],"collection":[{"href":"https:\/\/de.fstc.com.tr\/en\/wp-json\/wp\/v2\/pages"}],"about":[{"href":"https:\/\/de.fstc.com.tr\/en\/wp-json\/wp\/v2\/types\/page"}],"author":[{"embeddable":true,"href":"https:\/\/de.fstc.com.tr\/en\/wp-json\/wp\/v2\/users\/1"}],"replies":[{"embeddable":true,"href":"https:\/\/de.fstc.com.tr\/en\/wp-json\/wp\/v2\/comments?post=472"}],"version-history":[{"count":40,"href":"https:\/\/de.fstc.com.tr\/en\/wp-json\/wp\/v2\/pages\/472\/revisions"}],"predecessor-version":[{"id":646,"href":"https:\/\/de.fstc.com.tr\/en\/wp-json\/wp\/v2\/pages\/472\/revisions\/646"}],"wp:attachment":[{"href":"https:\/\/de.fstc.com.tr\/en\/wp-json\/wp\/v2\/media?parent=472"}],"curies":[{"name":"wp","href":"https:\/\/api.w.org\/{rel}","templated":true}]}}